{"id":318,"date":"2025-05-18T00:17:00","date_gmt":"2025-05-18T00:17:00","guid":{"rendered":"https:\/\/avoart.ma\/?page_id=318"},"modified":"2025-05-25T21:24:35","modified_gmt":"2025-05-25T21:24:35","slug":"a-propos","status":"publish","type":"page","link":"https:\/\/avoart.ma\/index.php\/a-propos\/","title":{"rendered":"\u00c0 propos"},"content":{"rendered":"\t\t<div data-elementor-type=\"wp-page\" data-elementor-id=\"318\" class=\"elementor elementor-318\" data-elementor-settings=\"{&quot;element_pack_global_tooltip_width&quot;:{&quot;unit&quot;:&quot;px&quot;,&quot;size&quot;:&quot;&quot;,&quot;sizes&quot;:[]},&quot;element_pack_global_tooltip_width_tablet&quot;:{&quot;unit&quot;:&quot;px&quot;,&quot;size&quot;:&quot;&quot;,&quot;sizes&quot;:[]},&quot;element_pack_global_tooltip_width_mobile&quot;:{&quot;unit&quot;:&quot;px&quot;,&quot;size&quot;:&quot;&quot;,&quot;sizes&quot;:[]},&quot;element_pack_global_tooltip_padding&quot;:{&quot;unit&quot;:&quot;px&quot;,&quot;top&quot;:&quot;&quot;,&quot;right&quot;:&quot;&quot;,&quot;bottom&quot;:&quot;&quot;,&quot;left&quot;:&quot;&quot;,&quot;isLinked&quot;:true},&quot;element_pack_global_tooltip_padding_tablet&quot;:{&quot;unit&quot;:&quot;px&quot;,&quot;top&quot;:&quot;&quot;,&quot;right&quot;:&quot;&quot;,&quot;bottom&quot;:&quot;&quot;,&quot;left&quot;:&quot;&quot;,&quot;isLinked&quot;:true},&quot;element_pack_global_tooltip_padding_mobile&quot;:{&quot;unit&quot;:&quot;px&quot;,&quot;top&quot;:&quot;&quot;,&quot;right&quot;:&quot;&quot;,&quot;bottom&quot;:&quot;&quot;,&quot;left&quot;:&quot;&quot;,&quot;isLinked&quot;:true},&quot;element_pack_global_tooltip_border_radius&quot;:{&quot;unit&quot;:&quot;px&quot;,&quot;top&quot;:&quot;&quot;,&quot;right&quot;:&quot;&quot;,&quot;bottom&quot;:&quot;&quot;,&quot;left&quot;:&quot;&quot;,&quot;isLinked&quot;:true},&quot;element_pack_global_tooltip_border_radius_tablet&quot;:{&quot;unit&quot;:&quot;px&quot;,&quot;top&quot;:&quot;&quot;,&quot;right&quot;:&quot;&quot;,&quot;bottom&quot;:&quot;&quot;,&quot;left&quot;:&quot;&quot;,&quot;isLinked&quot;:true},&quot;element_pack_global_tooltip_border_radius_mobile&quot;:{&quot;unit&quot;:&quot;px&quot;,&quot;top&quot;:&quot;&quot;,&quot;right&quot;:&quot;&quot;,&quot;bottom&quot;:&quot;&quot;,&quot;left&quot;:&quot;&quot;,&quot;isLinked&quot;:true}}\" data-elementor-post-type=\"page\">\n\t\t\t\t<div class=\"elementor-element elementor-element-51906292 e-flex e-con-boxed e-con e-parent\" data-id=\"51906292\" data-element_type=\"container\" data-settings=\"{&quot;background_background&quot;:&quot;classic&quot;}\">\n\t\t\t\t\t<div class=\"e-con-inner\">\n\t\t\t\t<div class=\"elementor-element elementor-element-99d4568 elementor-widget elementor-widget-heading\" data-id=\"99d4568\" data-element_type=\"widget\" data-widget_type=\"heading.default\">\n\t\t\t\t<div class=\"elementor-widget-container\">\n\t\t\t\t\t<h2 class=\"elementor-heading-title elementor-size-default\">\u00c0 propos <\/h2>\t\t\t\t<\/div>\n\t\t\t\t<\/div>\n\t\t\t\t\t<\/div>\n\t\t\t\t<\/div>\n\t\t<div class=\"elementor-element elementor-element-f4a1be4 e-flex e-con-boxed elementor-invisible e-con e-parent\" data-id=\"f4a1be4\" data-element_type=\"container\" data-settings=\"{&quot;animation&quot;:&quot;rotateInUpLeft&quot;}\">\n\t\t\t\t\t<div class=\"e-con-inner\">\n\t\t<div class=\"elementor-element elementor-element-6e47001 e-flex e-con-boxed e-con e-child\" data-id=\"6e47001\" data-element_type=\"container\">\n\t\t\t\t\t<div class=\"e-con-inner\">\n\t\t<div class=\"elementor-element elementor-element-c6bcdcb e-flex e-con-boxed e-con e-child\" data-id=\"c6bcdcb\" data-element_type=\"container\" data-settings=\"{&quot;background_background&quot;:&quot;classic&quot;}\">\n\t\t\t\t\t<div class=\"e-con-inner\">\n\t\t\t\t<div class=\"elementor-element elementor-element-ef0c748 elementor-widget elementor-widget-spacer\" data-id=\"ef0c748\" data-element_type=\"widget\" data-widget_type=\"spacer.default\">\n\t\t\t\t<div class=\"elementor-widget-container\">\n\t\t\t\t\t\t\t<div class=\"elementor-spacer\">\n\t\t\t<div class=\"elementor-spacer-inner\"><\/div>\n\t\t<\/div>\n\t\t\t\t\t\t<\/div>\n\t\t\t\t<\/div>\n\t\t\t\t\t<\/div>\n\t\t\t\t<\/div>\n\t\t\t\t\t<\/div>\n\t\t\t\t<\/div>\n\t\t<div class=\"elementor-element elementor-element-63dad49 e-flex e-con-boxed e-con e-child\" data-id=\"63dad49\" data-element_type=\"container\">\n\t\t\t\t\t<div class=\"e-con-inner\">\n\t\t\t\t<div class=\"elementor-element elementor-element-f53972f elementor-widget elementor-widget-heading\" data-id=\"f53972f\" data-element_type=\"widget\" data-widget_type=\"heading.default\">\n\t\t\t\t<div class=\"elementor-widget-container\">\n\t\t\t\t\t<h2 class=\"elementor-heading-title elementor-size-default\">\u00c0 propos de AVOART <\/h2>\t\t\t\t<\/div>\n\t\t\t\t<\/div>\n\t\t\t\t<div class=\"elementor-element elementor-element-37d8754 elementor-widget elementor-widget-heading\" data-id=\"37d8754\" data-element_type=\"widget\" data-widget_type=\"heading.default\">\n\t\t\t\t<div class=\"elementor-widget-container\">\n\t\t\t\t\t<h2 class=\"elementor-heading-title elementor-size-default\">Bienvenue dans l\u2019univers de Sa\u00efd Fechtali<\/h2>\t\t\t\t<\/div>\n\t\t\t\t<\/div>\n\t\t\t\t<div class=\"elementor-element elementor-element-144e17a elementor-widget elementor-widget-text-editor\" data-id=\"144e17a\" data-element_type=\"widget\" data-widget_type=\"text-editor.default\">\n\t\t\t\t<div class=\"elementor-widget-container\">\n\t\t\t\t\t\t\t\t\t<p class=\"\" data-start=\"218\" data-end=\"425\">\u00c0 travers ce site, je vous invite \u00e0 d\u00e9couvrir mon travail, fruit d\u2019un cheminement int\u00e9rieur guid\u00e9 par l\u2019instinct, l\u2019\u00e9motion et le silence.<\/p><p class=\"\" data-start=\"427\" data-end=\"659\">Je ne cherche pas \u00e0 repr\u00e9senter le monde tel qu\u2019il est, mais tel que je le ressens.<br data-start=\"510\" data-end=\"513\" \/>Chaque toile est pour moi une <strong data-start=\"543\" data-end=\"567\">exploration sensible<\/strong>, un moyen de dialoguer avec l\u2019invisible, de laisser parler ce que les mots ne peuvent dire.<\/p>\t\t\t\t\t\t\t\t<\/div>\n\t\t\t\t<\/div>\n\t\t<div class=\"elementor-element elementor-element-6d81509 e-flex e-con-boxed e-con e-child\" data-id=\"6d81509\" data-element_type=\"container\">\n\t\t\t\t\t<div class=\"e-con-inner\">\n\t\t<div class=\"elementor-element elementor-element-465085a e-flex e-con-boxed e-con e-child\" data-id=\"465085a\" data-element_type=\"container\">\n\t\t\t\t\t<div class=\"e-con-inner\">\n\t\t\t\t\t<\/div>\n\t\t\t\t<\/div>\n\t\t\t\t\t<\/div>\n\t\t\t\t<\/div>\n\t\t\t\t\t<\/div>\n\t\t\t\t<\/div>\n\t\t\t\t\t<\/div>\n\t\t\t\t<\/div>\n\t\t<div class=\"elementor-element elementor-element-117af376 e-flex e-con-boxed e-con e-parent\" data-id=\"117af376\" data-element_type=\"container\">\n\t\t\t\t\t<div class=\"e-con-inner\">\n\t\t<div class=\"elementor-element elementor-element-1ed8908e e-flex e-con-boxed e-con e-child\" data-id=\"1ed8908e\" data-element_type=\"container\">\n\t\t\t\t\t<div class=\"e-con-inner\">\n\t\t<div class=\"elementor-element elementor-element-7290baf7 e-con-full e-flex e-con e-child\" data-id=\"7290baf7\" data-element_type=\"container\">\n\t\t\t\t<div class=\"elementor-element elementor-element-441679e8 elementor-widget elementor-widget-heading\" data-id=\"441679e8\" data-element_type=\"widget\" data-widget_type=\"heading.default\">\n\t\t\t\t<div class=\"elementor-widget-container\">\n\t\t\t\t\t<h2 class=\"elementor-heading-title elementor-size-default\">Ma d\u00e9marche artistique<\/h2>\t\t\t\t<\/div>\n\t\t\t\t<\/div>\n\t\t\t\t<div class=\"elementor-element elementor-element-5924a633 elementor-widget elementor-widget-text-editor\" data-id=\"5924a633\" data-element_type=\"widget\" data-widget_type=\"text-editor.default\">\n\t\t\t\t<div class=\"elementor-widget-container\">\n\t\t\t\t\t\t\t\t\t<p class=\"\" data-start=\"1176\" data-end=\"1403\">Je ne suis pas un peintre acad\u00e9mique. Je ne cherche pas \u00e0 repr\u00e9senter, mais \u00e0 <strong data-start=\"1254\" data-end=\"1267\">ressentir<\/strong>.<\/p><p class=\"\" data-start=\"1176\" data-end=\"1403\">Ma peinture est <strong data-start=\"1287\" data-end=\"1320\">instinctive, libre, organique<\/strong>. Elle na\u00eet d\u2019un silence int\u00e9rieur, d\u2019une \u00e9motion que je laisse \u00e9clore sans filtre.<\/p><p class=\"\" data-start=\"1405\" data-end=\"1570\">Chaque toile est un fragment de moi. Un reflet de l\u2019invisible.<br data-start=\"1467\" data-end=\"1470\" \/><strong data-start=\"1470\" data-end=\"1509\">Je peins comme on \u00e9crit un journal.<\/strong> Un journal fait de textures, de mouvements et de vibrations.<\/p>\t\t\t\t\t\t\t\t<\/div>\n\t\t\t\t<\/div>\n\t\t<div class=\"elementor-element elementor-element-6a7e98dc elementor-hidden-tablet elementor-hidden-mobile e-flex e-con-boxed e-con e-child\" data-id=\"6a7e98dc\" data-element_type=\"container\">\n\t\t\t\t\t<div class=\"e-con-inner\">\n\t\t\t\t\t<\/div>\n\t\t\t\t<\/div>\n\t\t\t\t<\/div>\n\t\t<div class=\"elementor-element elementor-element-3891c001 e-flex e-con-boxed e-con e-child\" data-id=\"3891c001\" data-element_type=\"container\">\n\t\t\t\t\t<div class=\"e-con-inner\">\n\t\t<div class=\"elementor-element elementor-element-2908f001 e-flex e-con-boxed e-con e-child\" data-id=\"2908f001\" data-element_type=\"container\" data-settings=\"{&quot;background_background&quot;:&quot;classic&quot;}\">\n\t\t\t\t\t<div class=\"e-con-inner\">\n\t\t\t\t<div class=\"elementor-element elementor-element-53488826 elementor-widget elementor-widget-spacer\" data-id=\"53488826\" data-element_type=\"widget\" data-widget_type=\"spacer.default\">\n\t\t\t\t<div class=\"elementor-widget-container\">\n\t\t\t\t\t\t\t<div class=\"elementor-spacer\">\n\t\t\t<div class=\"elementor-spacer-inner\"><\/div>\n\t\t<\/div>\n\t\t\t\t\t\t<\/div>\n\t\t\t\t<\/div>\n\t\t\t\t<div class=\"elementor-element elementor-element-464205e1 elementor-widget__width-initial elementor-absolute elementor-widget elementor-widget-image\" data-id=\"464205e1\" data-element_type=\"widget\" data-settings=\"{&quot;_position&quot;:&quot;absolute&quot;}\" data-widget_type=\"image.default\">\n\t\t\t\t<div class=\"elementor-widget-container\">\n\t\t\t\t\t\t\t\t\t\t\t\t\t\t\t<img fetchpriority=\"high\" decoding=\"async\" width=\"600\" height=\"891\" src=\"https:\/\/avoart.ma\/wp-content\/uploads\/2025\/05\/Moroccan-Artist-Said-Fechtali-Takes-an-Inward-Journey-into-the-Depths-of-Art3.jpg\" class=\"attachment-full size-full wp-image-333\" alt=\"\" srcset=\"https:\/\/avoart.ma\/wp-content\/uploads\/2025\/05\/Moroccan-Artist-Said-Fechtali-Takes-an-Inward-Journey-into-the-Depths-of-Art3.jpg 600w, https:\/\/avoart.ma\/wp-content\/uploads\/2025\/05\/Moroccan-Artist-Said-Fechtali-Takes-an-Inward-Journey-into-the-Depths-of-Art3-202x300.jpg 202w\" sizes=\"(max-width: 600px) 100vw, 600px\" \/>\t\t\t\t\t\t\t\t\t\t\t\t\t\t\t<\/div>\n\t\t\t\t<\/div>\n\t\t\t\t\t<\/div>\n\t\t\t\t<\/div>\n\t\t\t\t\t<\/div>\n\t\t\t\t<\/div>\n\t\t\t\t\t<\/div>\n\t\t\t\t<\/div>\n\t\t\t\t\t<\/div>\n\t\t\t\t<\/div>\n\t\t\t\t<\/div>\n\t\t","protected":false},"excerpt":{"rendered":"<p>\u00c0 propos \u00c0 propos de AVOART Bienvenue dans l\u2019univers de Sa\u00efd Fechtali \u00c0 travers ce site, je vous invite \u00e0 d\u00e9couvrir mon travail, fruit d\u2019un cheminement int\u00e9rieur guid\u00e9 par l\u2019instinct, l\u2019\u00e9motion et le silence. Je ne cherche pas \u00e0 repr\u00e9senter le monde tel qu\u2019il est, mais tel que je le ressens.Chaque toile est pour moi [&hellip;]<\/p>\n","protected":false},"author":1,"featured_media":0,"parent":0,"menu_order":0,"comment_status":"closed","ping_status":"closed","template":"elementor_header_footer","meta":{"footnotes":""},"class_list":["post-318","page","type-page","status-publish","hentry"],"yoast_head":"<!-- This site is optimized with the Yoast SEO plugin v25.2 - https:\/\/yoast.com\/wordpress\/plugins\/seo\/ -->\n<title>\u00c0 propos - Avoart<\/title>\n<meta name=\"robots\" content=\"index, follow, max-snippet:-1, max-image-preview:large, max-video-preview:-1\" \/>\n<link rel=\"canonical\" href=\"https:\/\/avoart.ma\/index.php\/a-propos\/\" \/>\n<meta property=\"og:locale\" content=\"fr_FR\" \/>\n<meta property=\"og:type\" content=\"article\" \/>\n<meta property=\"og:title\" content=\"\u00c0 propos - Avoart\" \/>\n<meta property=\"og:description\" content=\"\u00c0 propos \u00c0 propos de AVOART Bienvenue dans l\u2019univers de Sa\u00efd Fechtali \u00c0 travers ce site, je vous invite \u00e0 d\u00e9couvrir mon travail, fruit d\u2019un cheminement int\u00e9rieur guid\u00e9 par l\u2019instinct, l\u2019\u00e9motion et le silence. Je ne cherche pas \u00e0 repr\u00e9senter le monde tel qu\u2019il est, mais tel que je le ressens.Chaque toile est pour moi [&hellip;]\" \/>\n<meta property=\"og:url\" content=\"https:\/\/avoart.ma\/index.php\/a-propos\/\" \/>\n<meta property=\"og:site_name\" content=\"Avoart\" \/>\n<meta property=\"article:modified_time\" content=\"2025-05-25T21:24:35+00:00\" \/>\n<meta property=\"og:image\" content=\"https:\/\/avoart.ma\/wp-content\/uploads\/2025\/05\/Moroccan-Artist-Said-Fechtali-Takes-an-Inward-Journey-into-the-Depths-of-Art3.jpg\" \/>\n\t<meta property=\"og:image:width\" content=\"600\" \/>\n\t<meta property=\"og:image:height\" content=\"891\" \/>\n\t<meta property=\"og:image:type\" content=\"image\/jpeg\" \/>\n<meta name=\"twitter:card\" content=\"summary_large_image\" \/>\n<meta name=\"twitter:label1\" content=\"Dur\u00e9e de lecture estim\u00e9e\" \/>\n\t<meta name=\"twitter:data1\" content=\"1 minute\" \/>\n<script type=\"application\/ld+json\" class=\"yoast-schema-graph\">{\"@context\":\"https:\/\/schema.org\",\"@graph\":[{\"@type\":\"WebPage\",\"@id\":\"https:\/\/avoart.ma\/index.php\/a-propos\/\",\"url\":\"https:\/\/avoart.ma\/index.php\/a-propos\/\",\"name\":\"\u00c0 propos - Avoart\",\"isPartOf\":{\"@id\":\"https:\/\/avoart.ma\/#website\"},\"primaryImageOfPage\":{\"@id\":\"https:\/\/avoart.ma\/index.php\/a-propos\/#primaryimage\"},\"image\":{\"@id\":\"https:\/\/avoart.ma\/index.php\/a-propos\/#primaryimage\"},\"thumbnailUrl\":\"https:\/\/avoart.ma\/wp-content\/uploads\/2025\/05\/Moroccan-Artist-Said-Fechtali-Takes-an-Inward-Journey-into-the-Depths-of-Art3.jpg\",\"datePublished\":\"2025-05-18T00:17:00+00:00\",\"dateModified\":\"2025-05-25T21:24:35+00:00\",\"breadcrumb\":{\"@id\":\"https:\/\/avoart.ma\/index.php\/a-propos\/#breadcrumb\"},\"inLanguage\":\"fr-FR\",\"potentialAction\":[{\"@type\":\"ReadAction\",\"target\":[\"https:\/\/avoart.ma\/index.php\/a-propos\/\"]}]},{\"@type\":\"ImageObject\",\"inLanguage\":\"fr-FR\",\"@id\":\"https:\/\/avoart.ma\/index.php\/a-propos\/#primaryimage\",\"url\":\"https:\/\/avoart.ma\/wp-content\/uploads\/2025\/05\/Moroccan-Artist-Said-Fechtali-Takes-an-Inward-Journey-into-the-Depths-of-Art3.jpg\",\"contentUrl\":\"https:\/\/avoart.ma\/wp-content\/uploads\/2025\/05\/Moroccan-Artist-Said-Fechtali-Takes-an-Inward-Journey-into-the-Depths-of-Art3.jpg\",\"width\":600,\"height\":891},{\"@type\":\"BreadcrumbList\",\"@id\":\"https:\/\/avoart.ma\/index.php\/a-propos\/#breadcrumb\",\"itemListElement\":[{\"@type\":\"ListItem\",\"position\":1,\"name\":\"Accueil\",\"item\":\"https:\/\/avoart.ma\/\"},{\"@type\":\"ListItem\",\"position\":2,\"name\":\"\u00c0 propos\"}]},{\"@type\":\"WebSite\",\"@id\":\"https:\/\/avoart.ma\/#website\",\"url\":\"https:\/\/avoart.ma\/\",\"name\":\"Avoart\",\"description\":\"AVOART \u2013 L\u00e0 o\u00f9 le droit rencontre l\u2019art\",\"publisher\":{\"@id\":\"https:\/\/avoart.ma\/#organization\"},\"potentialAction\":[{\"@type\":\"SearchAction\",\"target\":{\"@type\":\"EntryPoint\",\"urlTemplate\":\"https:\/\/avoart.ma\/?s={search_term_string}\"},\"query-input\":{\"@type\":\"PropertyValueSpecification\",\"valueRequired\":true,\"valueName\":\"search_term_string\"}}],\"inLanguage\":\"fr-FR\"},{\"@type\":\"Organization\",\"@id\":\"https:\/\/avoart.ma\/#organization\",\"name\":\"Avoart\",\"url\":\"https:\/\/avoart.ma\/\",\"logo\":{\"@type\":\"ImageObject\",\"inLanguage\":\"fr-FR\",\"@id\":\"https:\/\/avoart.ma\/#\/schema\/logo\/image\/\",\"url\":\"https:\/\/avoart.ma\/wp-content\/uploads\/2025\/05\/cropped-WhatsApp-Image-2025-05-09-a-18.30.52_62328c9a.jpg\",\"contentUrl\":\"https:\/\/avoart.ma\/wp-content\/uploads\/2025\/05\/cropped-WhatsApp-Image-2025-05-09-a-18.30.52_62328c9a.jpg\",\"width\":501,\"height\":417,\"caption\":\"Avoart\"},\"image\":{\"@id\":\"https:\/\/avoart.ma\/#\/schema\/logo\/image\/\"}}]}<\/script>\n<!-- \/ Yoast SEO plugin. -->","yoast_head_json":{"title":"\u00c0 propos - Avoart","robots":{"index":"index","follow":"follow","max-snippet":"max-snippet:-1","max-image-preview":"max-image-preview:large","max-video-preview":"max-video-preview:-1"},"canonical":"https:\/\/avoart.ma\/index.php\/a-propos\/","og_locale":"fr_FR","og_type":"article","og_title":"\u00c0 propos - Avoart","og_description":"\u00c0 propos \u00c0 propos de AVOART Bienvenue dans l\u2019univers de Sa\u00efd Fechtali \u00c0 travers ce site, je vous invite \u00e0 d\u00e9couvrir mon travail, fruit d\u2019un cheminement int\u00e9rieur guid\u00e9 par l\u2019instinct, l\u2019\u00e9motion et le silence. Je ne cherche pas \u00e0 repr\u00e9senter le monde tel qu\u2019il est, mais tel que je le ressens.Chaque toile est pour moi [&hellip;]","og_url":"https:\/\/avoart.ma\/index.php\/a-propos\/","og_site_name":"Avoart","article_modified_time":"2025-05-25T21:24:35+00:00","og_image":[{"width":600,"height":891,"url":"https:\/\/avoart.ma\/wp-content\/uploads\/2025\/05\/Moroccan-Artist-Said-Fechtali-Takes-an-Inward-Journey-into-the-Depths-of-Art3.jpg","type":"image\/jpeg"}],"twitter_card":"summary_large_image","twitter_misc":{"Dur\u00e9e de lecture estim\u00e9e":"1 minute"},"schema":{"@context":"https:\/\/schema.org","@graph":[{"@type":"WebPage","@id":"https:\/\/avoart.ma\/index.php\/a-propos\/","url":"https:\/\/avoart.ma\/index.php\/a-propos\/","name":"\u00c0 propos - Avoart","isPartOf":{"@id":"https:\/\/avoart.ma\/#website"},"primaryImageOfPage":{"@id":"https:\/\/avoart.ma\/index.php\/a-propos\/#primaryimage"},"image":{"@id":"https:\/\/avoart.ma\/index.php\/a-propos\/#primaryimage"},"thumbnailUrl":"https:\/\/avoart.ma\/wp-content\/uploads\/2025\/05\/Moroccan-Artist-Said-Fechtali-Takes-an-Inward-Journey-into-the-Depths-of-Art3.jpg","datePublished":"2025-05-18T00:17:00+00:00","dateModified":"2025-05-25T21:24:35+00:00","breadcrumb":{"@id":"https:\/\/avoart.ma\/index.php\/a-propos\/#breadcrumb"},"inLanguage":"fr-FR","potentialAction":[{"@type":"ReadAction","target":["https:\/\/avoart.ma\/index.php\/a-propos\/"]}]},{"@type":"ImageObject","inLanguage":"fr-FR","@id":"https:\/\/avoart.ma\/index.php\/a-propos\/#primaryimage","url":"https:\/\/avoart.ma\/wp-content\/uploads\/2025\/05\/Moroccan-Artist-Said-Fechtali-Takes-an-Inward-Journey-into-the-Depths-of-Art3.jpg","contentUrl":"https:\/\/avoart.ma\/wp-content\/uploads\/2025\/05\/Moroccan-Artist-Said-Fechtali-Takes-an-Inward-Journey-into-the-Depths-of-Art3.jpg","width":600,"height":891},{"@type":"BreadcrumbList","@id":"https:\/\/avoart.ma\/index.php\/a-propos\/#breadcrumb","itemListElement":[{"@type":"ListItem","position":1,"name":"Accueil","item":"https:\/\/avoart.ma\/"},{"@type":"ListItem","position":2,"name":"\u00c0 propos"}]},{"@type":"WebSite","@id":"https:\/\/avoart.ma\/#website","url":"https:\/\/avoart.ma\/","name":"Avoart","description":"AVOART \u2013 L\u00e0 o\u00f9 le droit rencontre l\u2019art","publisher":{"@id":"https:\/\/avoart.ma\/#organization"},"potentialAction":[{"@type":"SearchAction","target":{"@type":"EntryPoint","urlTemplate":"https:\/\/avoart.ma\/?s={search_term_string}"},"query-input":{"@type":"PropertyValueSpecification","valueRequired":true,"valueName":"search_term_string"}}],"inLanguage":"fr-FR"},{"@type":"Organization","@id":"https:\/\/avoart.ma\/#organization","name":"Avoart","url":"https:\/\/avoart.ma\/","logo":{"@type":"ImageObject","inLanguage":"fr-FR","@id":"https:\/\/avoart.ma\/#\/schema\/logo\/image\/","url":"https:\/\/avoart.ma\/wp-content\/uploads\/2025\/05\/cropped-WhatsApp-Image-2025-05-09-a-18.30.52_62328c9a.jpg","contentUrl":"https:\/\/avoart.ma\/wp-content\/uploads\/2025\/05\/cropped-WhatsApp-Image-2025-05-09-a-18.30.52_62328c9a.jpg","width":501,"height":417,"caption":"Avoart"},"image":{"@id":"https:\/\/avoart.ma\/#\/schema\/logo\/image\/"}}]}},"_links":{"self":[{"href":"https:\/\/avoart.ma\/index.php\/wp-json\/wp\/v2\/pages\/318","targetHints":{"allow":["GET"]}}],"collection":[{"href":"https:\/\/avoart.ma\/index.php\/wp-json\/wp\/v2\/pages"}],"about":[{"href":"https:\/\/avoart.ma\/index.php\/wp-json\/wp\/v2\/types\/page"}],"author":[{"embeddable":true,"href":"https:\/\/avoart.ma\/index.php\/wp-json\/wp\/v2\/users\/1"}],"replies":[{"embeddable":true,"href":"https:\/\/avoart.ma\/index.php\/wp-json\/wp\/v2\/comments?post=318"}],"version-history":[{"count":37,"href":"https:\/\/avoart.ma\/index.php\/wp-json\/wp\/v2\/pages\/318\/revisions"}],"predecessor-version":[{"id":534,"href":"https:\/\/avoart.ma\/index.php\/wp-json\/wp\/v2\/pages\/318\/revisions\/534"}],"wp:attachment":[{"href":"https:\/\/avoart.ma\/index.php\/wp-json\/wp\/v2\/media?parent=318"}],"curies":[{"name":"wp","href":"https:\/\/api.w.org\/{rel}","templated":true}]}}