{"id":389,"date":"2025-05-18T18:06:10","date_gmt":"2025-05-18T18:06:10","guid":{"rendered":"https:\/\/avoart.ma\/?page_id=389"},"modified":"2025-05-30T16:49:55","modified_gmt":"2025-05-30T16:49:55","slug":"contact","status":"publish","type":"page","link":"https:\/\/avoart.ma\/index.php\/contact\/","title":{"rendered":"Contact"},"content":{"rendered":"\t\t<div data-elementor-type=\"wp-page\" data-elementor-id=\"389\" class=\"elementor elementor-389\" data-elementor-settings=\"{&quot;element_pack_global_tooltip_width&quot;:{&quot;unit&quot;:&quot;px&quot;,&quot;size&quot;:&quot;&quot;,&quot;sizes&quot;:[]},&quot;element_pack_global_tooltip_width_tablet&quot;:{&quot;unit&quot;:&quot;px&quot;,&quot;size&quot;:&quot;&quot;,&quot;sizes&quot;:[]},&quot;element_pack_global_tooltip_width_mobile&quot;:{&quot;unit&quot;:&quot;px&quot;,&quot;size&quot;:&quot;&quot;,&quot;sizes&quot;:[]},&quot;element_pack_global_tooltip_padding&quot;:{&quot;unit&quot;:&quot;px&quot;,&quot;top&quot;:&quot;&quot;,&quot;right&quot;:&quot;&quot;,&quot;bottom&quot;:&quot;&quot;,&quot;left&quot;:&quot;&quot;,&quot;isLinked&quot;:true},&quot;element_pack_global_tooltip_padding_tablet&quot;:{&quot;unit&quot;:&quot;px&quot;,&quot;top&quot;:&quot;&quot;,&quot;right&quot;:&quot;&quot;,&quot;bottom&quot;:&quot;&quot;,&quot;left&quot;:&quot;&quot;,&quot;isLinked&quot;:true},&quot;element_pack_global_tooltip_padding_mobile&quot;:{&quot;unit&quot;:&quot;px&quot;,&quot;top&quot;:&quot;&quot;,&quot;right&quot;:&quot;&quot;,&quot;bottom&quot;:&quot;&quot;,&quot;left&quot;:&quot;&quot;,&quot;isLinked&quot;:true},&quot;element_pack_global_tooltip_border_radius&quot;:{&quot;unit&quot;:&quot;px&quot;,&quot;top&quot;:&quot;&quot;,&quot;right&quot;:&quot;&quot;,&quot;bottom&quot;:&quot;&quot;,&quot;left&quot;:&quot;&quot;,&quot;isLinked&quot;:true},&quot;element_pack_global_tooltip_border_radius_tablet&quot;:{&quot;unit&quot;:&quot;px&quot;,&quot;top&quot;:&quot;&quot;,&quot;right&quot;:&quot;&quot;,&quot;bottom&quot;:&quot;&quot;,&quot;left&quot;:&quot;&quot;,&quot;isLinked&quot;:true},&quot;element_pack_global_tooltip_border_radius_mobile&quot;:{&quot;unit&quot;:&quot;px&quot;,&quot;top&quot;:&quot;&quot;,&quot;right&quot;:&quot;&quot;,&quot;bottom&quot;:&quot;&quot;,&quot;left&quot;:&quot;&quot;,&quot;isLinked&quot;:true}}\" data-elementor-post-type=\"page\">\n\t\t\t\t<div class=\"elementor-element elementor-element-51e3fa1d e-flex e-con-boxed e-con e-parent\" data-id=\"51e3fa1d\" data-element_type=\"container\" data-settings=\"{&quot;background_background&quot;:&quot;classic&quot;}\">\n\t\t\t\t\t<div class=\"e-con-inner\">\n\t\t\t\t<div class=\"elementor-element elementor-element-63db2373 elementor-widget elementor-widget-heading\" data-id=\"63db2373\" data-element_type=\"widget\" data-widget_type=\"heading.default\">\n\t\t\t\t<div class=\"elementor-widget-container\">\n\t\t\t\t\t<h2 class=\"elementor-heading-title elementor-size-default\">Contact<\/h2>\t\t\t\t<\/div>\n\t\t\t\t<\/div>\n\t\t\t\t\t<\/div>\n\t\t\t\t<\/div>\n\t\t<div class=\"elementor-element elementor-element-10ba9c5d e-flex e-con-boxed e-con e-parent\" data-id=\"10ba9c5d\" data-element_type=\"container\">\n\t\t\t\t\t<div class=\"e-con-inner\">\n\t\t<div class=\"elementor-element elementor-element-42c2e908 e-flex e-con-boxed e-con e-child\" data-id=\"42c2e908\" data-element_type=\"container\">\n\t\t\t\t\t<div class=\"e-con-inner\">\n\t\t\t\t<div class=\"elementor-element elementor-element-7c648f82 elementor-widget elementor-widget-heading\" data-id=\"7c648f82\" data-element_type=\"widget\" data-widget_type=\"heading.default\">\n\t\t\t\t<div class=\"elementor-widget-container\">\n\t\t\t\t\t<h2 class=\"elementor-heading-title elementor-size-default\">Contact<\/h2>\t\t\t\t<\/div>\n\t\t\t\t<\/div>\n\t\t\t\t<div class=\"elementor-element elementor-element-4b7fd4c2 elementor-widget elementor-widget-heading\" data-id=\"4b7fd4c2\" data-element_type=\"widget\" data-widget_type=\"heading.default\">\n\t\t\t\t<div class=\"elementor-widget-container\">\n\t\t\t\t\t<h2 class=\"elementor-heading-title elementor-size-default\">Me contacter<\/h2>\t\t\t\t<\/div>\n\t\t\t\t<\/div>\n\t\t\t\t<div class=\"elementor-element elementor-element-29696ba9 elementor-widget elementor-widget-text-editor\" data-id=\"29696ba9\" data-element_type=\"widget\" data-widget_type=\"text-editor.default\">\n\t\t\t\t<div class=\"elementor-widget-container\">\n\t\t\t\t\t\t\t\t\t<p>Vous souhaitez en savoir plus sur mon travail,<br data-start=\"222\" data-end=\"225\" \/>acqu\u00e9rir une \u0153uvre, organiser une exposition ou simplement \u00e9changer autour de l\u2019art ?<\/p>\t\t\t\t\t\t\t\t<\/div>\n\t\t\t\t<\/div>\n\t\t\t\t\t<\/div>\n\t\t\t\t<\/div>\n\t\t<div class=\"elementor-element elementor-element-1fa68932 e-flex e-con-boxed e-con e-child\" data-id=\"1fa68932\" data-element_type=\"container\">\n\t\t\t\t\t<div class=\"e-con-inner\">\n\t\t<div class=\"elementor-element elementor-element-79d99360 e-con-full e-flex e-con e-child\" data-id=\"79d99360\" data-element_type=\"container\">\n\t\t<div class=\"elementor-element elementor-element-7e28dd8d e-flex e-con-boxed e-con e-child\" data-id=\"7e28dd8d\" data-element_type=\"container\">\n\t\t\t\t\t<div class=\"e-con-inner\">\n\t\t\t\t<div class=\"elementor-element elementor-element-4f936b5f jkit-equal-height-disable elementor-widget elementor-widget-jkit_icon_box\" data-id=\"4f936b5f\" data-element_type=\"widget\" data-widget_type=\"jkit_icon_box.default\">\n\t\t\t\t<div class=\"elementor-widget-container\">\n\t\t\t\t\t<div  class=\"jeg-elementor-kit jkit-icon-box icon-position-top elementor-animation- jeg_module___69e20a82e6313\" ><div class=\"jkit-icon-box-wrapper hover-from-left\"><div class=\"icon-box icon-box-header elementor-animation-\"><div class=\"icon style-color\"><i aria-hidden=\"true\" class=\"jki jki-envelope2-light\"><\/i><\/div><\/div><div class=\"icon-box icon-box-body\">\n                <h2 class=\"title\">Contact@avoart.ma<\/h2><p class=\"icon-box-description\">Email <\/p>\n            <\/div>\n            \n            <div class=hover-watermark>\n                <i aria-hidden=\"true\" class=\"jki jki-arrow-up-right-line\"><\/i>\n            <\/div><\/div><\/div>\t\t\t\t<\/div>\n\t\t\t\t<\/div>\n\t\t\t\t\t<\/div>\n\t\t\t\t<\/div>\n\t\t<div class=\"elementor-element elementor-element-a9782e4 e-flex e-con-boxed e-con e-child\" data-id=\"a9782e4\" data-element_type=\"container\">\n\t\t\t\t\t<div class=\"e-con-inner\">\n\t\t\t\t<div class=\"elementor-element elementor-element-368103f9 jkit-equal-height-disable elementor-widget elementor-widget-jkit_icon_box\" data-id=\"368103f9\" data-element_type=\"widget\" data-widget_type=\"jkit_icon_box.default\">\n\t\t\t\t<div class=\"elementor-widget-container\">\n\t\t\t\t\t<div  class=\"jeg-elementor-kit jkit-icon-box icon-position-top elementor-animation- jeg_module__1_69e20a82e734d\" ><div class=\"jkit-icon-box-wrapper hover-from-left\"><div class=\"icon-box icon-box-header elementor-animation-\"><div class=\"icon style-color\"><i aria-hidden=\"true\" class=\"jki jki-phone1-light\"><\/i><\/div><\/div><div class=\"icon-box icon-box-body\">\n                <h2 class=\"title\">05 20 68 07 04<\/h2><p class=\"icon-box-description\">T\u00e9l\u00e9phone <\/p>\n            <\/div>\n            \n            <div class=hover-watermark>\n                <i aria-hidden=\"true\" class=\"jki jki-arrow-up-right-line\"><\/i>\n            <\/div><\/div><\/div>\t\t\t\t<\/div>\n\t\t\t\t<\/div>\n\t\t\t\t\t<\/div>\n\t\t\t\t<\/div>\n\t\t\t\t<\/div>\n\t\t<div class=\"elementor-element elementor-element-62f3a9e8 e-flex e-con-boxed e-con e-child\" data-id=\"62f3a9e8\" data-element_type=\"container\">\n\t\t\t\t\t<div class=\"e-con-inner\">\n\t\t\t\t<div class=\"elementor-element elementor-element-65460e50 jkit-equal-height-disable elementor-widget elementor-widget-jkit_icon_box\" data-id=\"65460e50\" data-element_type=\"widget\" data-widget_type=\"jkit_icon_box.default\">\n\t\t\t\t<div class=\"elementor-widget-container\">\n\t\t\t\t\t<div  class=\"jeg-elementor-kit jkit-icon-box icon-position-top elementor-animation- jeg_module__2_69e20a82e7ce2\" ><div class=\"jkit-icon-box-wrapper hover-from-left\"><div class=\"icon-box icon-box-header elementor-animation-\"><div class=\"icon style-color\"><i aria-hidden=\"true\" class=\"jki jki-map-marker1-light\"><\/i><\/div><\/div><div class=\"icon-box icon-box-body\">\n                <h2 class=\"title\">N\u00b0 8, 3\u00e8me \u00e9tage, Imm. Bureau 174, Bd Zerktouni en face Twin Center - Casablanca<\/h2><p class=\"icon-box-description\">Notre localisation <\/p>\n            <\/div>\n            \n            <div class=hover-watermark>\n                <i aria-hidden=\"true\" class=\"jki jki-arrow-up-right-line\"><\/i>\n            <\/div><\/div><\/div>\t\t\t\t<\/div>\n\t\t\t\t<\/div>\n\t\t\t\t\t<\/div>\n\t\t\t\t<\/div>\n\t\t\t\t\t<\/div>\n\t\t\t\t<\/div>\n\t\t<div class=\"elementor-element elementor-element-6d153fb5 e-flex e-con-boxed e-con e-child\" data-id=\"6d153fb5\" data-element_type=\"container\">\n\t\t\t\t\t<div class=\"e-con-inner\">\n\t\t<div class=\"elementor-element elementor-element-4f06c6ce e-flex e-con-boxed e-con e-child\" data-id=\"4f06c6ce\" data-element_type=\"container\">\n\t\t\t\t\t<div class=\"e-con-inner\">\n\t\t\t\t<div class=\"elementor-element elementor-element-438a622c elementor-widget elementor-widget-google_maps\" data-id=\"438a622c\" data-element_type=\"widget\" data-widget_type=\"google_maps.default\">\n\t\t\t\t<div class=\"elementor-widget-container\">\n\t\t\t\t\t\t\t<div class=\"elementor-custom-embed\">\n\t\t\t<iframe loading=\"lazy\"\n\t\t\t\t\tsrc=\"https:\/\/maps.google.com\/maps?q=3%C3%A8me%20%C3%A9tage%2Cen%20face%2C%20Twin%20Center%2C%20Bd%20Zerktouni%2C%20Imm.%20Bureau%20174%2C%20N%C2%B0%208%2C%20Casablanca%2020000&#038;t=m&#038;z=15&#038;output=embed&#038;iwloc=near\"\n\t\t\t\t\ttitle=\"3\u00e8me \u00e9tage,en face, Twin Center, Bd Zerktouni, Imm. Bureau 174, N\u00b0 8, Casablanca 20000\"\n\t\t\t\t\taria-label=\"3\u00e8me \u00e9tage,en face, Twin Center, Bd Zerktouni, Imm. Bureau 174, N\u00b0 8, Casablanca 20000\"\n\t\t\t><\/iframe>\n\t\t<\/div>\n\t\t\t\t\t\t<\/div>\n\t\t\t\t<\/div>\n\t\t\t\t\t<\/div>\n\t\t\t\t<\/div>\n\t\t\t\t\t<\/div>\n\t\t\t\t<\/div>\n\t\t\t\t\t<\/div>\n\t\t\t\t<\/div>\n\t\t\t\t<\/div>\n\t\t","protected":false},"excerpt":{"rendered":"<p>Contact Contact Me contacter Vous souhaitez en savoir plus sur mon travail,acqu\u00e9rir une \u0153uvre, organiser une exposition ou simplement \u00e9changer autour de l\u2019art ? Contact@avoart.ma Email 05 20 68 07 04 T\u00e9l\u00e9phone N\u00b0 8, 3\u00e8me \u00e9tage, Imm. Bureau 174, Bd Zerktouni en face Twin Center &#8211; Casablanca Notre localisation<\/p>\n","protected":false},"author":1,"featured_media":0,"parent":0,"menu_order":0,"comment_status":"closed","ping_status":"closed","template":"elementor_header_footer","meta":{"footnotes":""},"class_list":["post-389","page","type-page","status-publish","hentry"],"yoast_head":"<!-- This site is optimized with the Yoast SEO plugin v25.2 - https:\/\/yoast.com\/wordpress\/plugins\/seo\/ -->\n<title>Contact - Avoart<\/title>\n<meta name=\"robots\" content=\"index, follow, max-snippet:-1, max-image-preview:large, max-video-preview:-1\" \/>\n<link rel=\"canonical\" href=\"https:\/\/avoart.ma\/index.php\/contact\/\" \/>\n<meta property=\"og:locale\" content=\"fr_FR\" \/>\n<meta property=\"og:type\" content=\"article\" \/>\n<meta property=\"og:title\" content=\"Contact - Avoart\" \/>\n<meta property=\"og:description\" content=\"Contact Contact Me contacter Vous souhaitez en savoir plus sur mon travail,acqu\u00e9rir une \u0153uvre, organiser une exposition ou simplement \u00e9changer autour de l\u2019art ? Contact@avoart.ma Email 05 20 68 07 04 T\u00e9l\u00e9phone N\u00b0 8, 3\u00e8me \u00e9tage, Imm. Bureau 174, Bd Zerktouni en face Twin Center &#8211; Casablanca Notre localisation\" \/>\n<meta property=\"og:url\" content=\"https:\/\/avoart.ma\/index.php\/contact\/\" \/>\n<meta property=\"og:site_name\" content=\"Avoart\" \/>\n<meta property=\"article:modified_time\" content=\"2025-05-30T16:49:55+00:00\" \/>\n<meta name=\"twitter:card\" content=\"summary_large_image\" \/>\n<script type=\"application\/ld+json\" class=\"yoast-schema-graph\">{\"@context\":\"https:\/\/schema.org\",\"@graph\":[{\"@type\":\"WebPage\",\"@id\":\"https:\/\/avoart.ma\/index.php\/contact\/\",\"url\":\"https:\/\/avoart.ma\/index.php\/contact\/\",\"name\":\"Contact - Avoart\",\"isPartOf\":{\"@id\":\"https:\/\/avoart.ma\/#website\"},\"datePublished\":\"2025-05-18T18:06:10+00:00\",\"dateModified\":\"2025-05-30T16:49:55+00:00\",\"breadcrumb\":{\"@id\":\"https:\/\/avoart.ma\/index.php\/contact\/#breadcrumb\"},\"inLanguage\":\"fr-FR\",\"potentialAction\":[{\"@type\":\"ReadAction\",\"target\":[\"https:\/\/avoart.ma\/index.php\/contact\/\"]}]},{\"@type\":\"BreadcrumbList\",\"@id\":\"https:\/\/avoart.ma\/index.php\/contact\/#breadcrumb\",\"itemListElement\":[{\"@type\":\"ListItem\",\"position\":1,\"name\":\"Accueil\",\"item\":\"https:\/\/avoart.ma\/\"},{\"@type\":\"ListItem\",\"position\":2,\"name\":\"Contact\"}]},{\"@type\":\"WebSite\",\"@id\":\"https:\/\/avoart.ma\/#website\",\"url\":\"https:\/\/avoart.ma\/\",\"name\":\"Avoart\",\"description\":\"AVOART \u2013 L\u00e0 o\u00f9 le droit rencontre l\u2019art\",\"publisher\":{\"@id\":\"https:\/\/avoart.ma\/#organization\"},\"potentialAction\":[{\"@type\":\"SearchAction\",\"target\":{\"@type\":\"EntryPoint\",\"urlTemplate\":\"https:\/\/avoart.ma\/?s={search_term_string}\"},\"query-input\":{\"@type\":\"PropertyValueSpecification\",\"valueRequired\":true,\"valueName\":\"search_term_string\"}}],\"inLanguage\":\"fr-FR\"},{\"@type\":\"Organization\",\"@id\":\"https:\/\/avoart.ma\/#organization\",\"name\":\"Avoart\",\"url\":\"https:\/\/avoart.ma\/\",\"logo\":{\"@type\":\"ImageObject\",\"inLanguage\":\"fr-FR\",\"@id\":\"https:\/\/avoart.ma\/#\/schema\/logo\/image\/\",\"url\":\"https:\/\/avoart.ma\/wp-content\/uploads\/2025\/05\/cropped-WhatsApp-Image-2025-05-09-a-18.30.52_62328c9a.jpg\",\"contentUrl\":\"https:\/\/avoart.ma\/wp-content\/uploads\/2025\/05\/cropped-WhatsApp-Image-2025-05-09-a-18.30.52_62328c9a.jpg\",\"width\":501,\"height\":417,\"caption\":\"Avoart\"},\"image\":{\"@id\":\"https:\/\/avoart.ma\/#\/schema\/logo\/image\/\"}}]}<\/script>\n<!-- \/ Yoast SEO plugin. -->","yoast_head_json":{"title":"Contact - Avoart","robots":{"index":"index","follow":"follow","max-snippet":"max-snippet:-1","max-image-preview":"max-image-preview:large","max-video-preview":"max-video-preview:-1"},"canonical":"https:\/\/avoart.ma\/index.php\/contact\/","og_locale":"fr_FR","og_type":"article","og_title":"Contact - Avoart","og_description":"Contact Contact Me contacter Vous souhaitez en savoir plus sur mon travail,acqu\u00e9rir une \u0153uvre, organiser une exposition ou simplement \u00e9changer autour de l\u2019art ? Contact@avoart.ma Email 05 20 68 07 04 T\u00e9l\u00e9phone N\u00b0 8, 3\u00e8me \u00e9tage, Imm. Bureau 174, Bd Zerktouni en face Twin Center &#8211; Casablanca Notre localisation","og_url":"https:\/\/avoart.ma\/index.php\/contact\/","og_site_name":"Avoart","article_modified_time":"2025-05-30T16:49:55+00:00","twitter_card":"summary_large_image","schema":{"@context":"https:\/\/schema.org","@graph":[{"@type":"WebPage","@id":"https:\/\/avoart.ma\/index.php\/contact\/","url":"https:\/\/avoart.ma\/index.php\/contact\/","name":"Contact - Avoart","isPartOf":{"@id":"https:\/\/avoart.ma\/#website"},"datePublished":"2025-05-18T18:06:10+00:00","dateModified":"2025-05-30T16:49:55+00:00","breadcrumb":{"@id":"https:\/\/avoart.ma\/index.php\/contact\/#breadcrumb"},"inLanguage":"fr-FR","potentialAction":[{"@type":"ReadAction","target":["https:\/\/avoart.ma\/index.php\/contact\/"]}]},{"@type":"BreadcrumbList","@id":"https:\/\/avoart.ma\/index.php\/contact\/#breadcrumb","itemListElement":[{"@type":"ListItem","position":1,"name":"Accueil","item":"https:\/\/avoart.ma\/"},{"@type":"ListItem","position":2,"name":"Contact"}]},{"@type":"WebSite","@id":"https:\/\/avoart.ma\/#website","url":"https:\/\/avoart.ma\/","name":"Avoart","description":"AVOART \u2013 L\u00e0 o\u00f9 le droit rencontre l\u2019art","publisher":{"@id":"https:\/\/avoart.ma\/#organization"},"potentialAction":[{"@type":"SearchAction","target":{"@type":"EntryPoint","urlTemplate":"https:\/\/avoart.ma\/?s={search_term_string}"},"query-input":{"@type":"PropertyValueSpecification","valueRequired":true,"valueName":"search_term_string"}}],"inLanguage":"fr-FR"},{"@type":"Organization","@id":"https:\/\/avoart.ma\/#organization","name":"Avoart","url":"https:\/\/avoart.ma\/","logo":{"@type":"ImageObject","inLanguage":"fr-FR","@id":"https:\/\/avoart.ma\/#\/schema\/logo\/image\/","url":"https:\/\/avoart.ma\/wp-content\/uploads\/2025\/05\/cropped-WhatsApp-Image-2025-05-09-a-18.30.52_62328c9a.jpg","contentUrl":"https:\/\/avoart.ma\/wp-content\/uploads\/2025\/05\/cropped-WhatsApp-Image-2025-05-09-a-18.30.52_62328c9a.jpg","width":501,"height":417,"caption":"Avoart"},"image":{"@id":"https:\/\/avoart.ma\/#\/schema\/logo\/image\/"}}]}},"_links":{"self":[{"href":"https:\/\/avoart.ma\/index.php\/wp-json\/wp\/v2\/pages\/389","targetHints":{"allow":["GET"]}}],"collection":[{"href":"https:\/\/avoart.ma\/index.php\/wp-json\/wp\/v2\/pages"}],"about":[{"href":"https:\/\/avoart.ma\/index.php\/wp-json\/wp\/v2\/types\/page"}],"author":[{"embeddable":true,"href":"https:\/\/avoart.ma\/index.php\/wp-json\/wp\/v2\/users\/1"}],"replies":[{"embeddable":true,"href":"https:\/\/avoart.ma\/index.php\/wp-json\/wp\/v2\/comments?post=389"}],"version-history":[{"count":34,"href":"https:\/\/avoart.ma\/index.php\/wp-json\/wp\/v2\/pages\/389\/revisions"}],"predecessor-version":[{"id":621,"href":"https:\/\/avoart.ma\/index.php\/wp-json\/wp\/v2\/pages\/389\/revisions\/621"}],"wp:attachment":[{"href":"https:\/\/avoart.ma\/index.php\/wp-json\/wp\/v2\/media?parent=389"}],"curies":[{"name":"wp","href":"https:\/\/api.w.org\/{rel}","templated":true}]}}